{"id":964,"date":"2026-02-13T11:05:57","date_gmt":"2026-02-13T10:05:57","guid":{"rendered":"https:\/\/chu-a-art.com\/?page_id=964"},"modified":"2026-03-06T14:27:29","modified_gmt":"2026-03-06T13:27:29","slug":"home-2","status":"publish","type":"page","link":"https:\/\/chu-a-art.com\/","title":{"rendered":"HOME 2"},"content":{"rendered":"\t\t<div data-elementor-type=\"wp-page\" data-elementor-id=\"964\" class=\"elementor elementor-964\">\n\t\t\t\t<div class=\"elementor-element elementor-element-64c43b4 e-flex e-con-boxed e-con e-parent\" data-id=\"64c43b4\" data-element_type=\"container\" data-e-type=\"container\">\n\t\t\t\t\t<div class=\"e-con-inner\">\n\t\t\t\t<div class=\"elementor-element elementor-element-e65397f elementor-widget elementor-widget-flex-hero\" data-id=\"e65397f\" data-element_type=\"widget\" data-e-type=\"widget\" data-settings=\"{&quot;primary_button_shape&quot;:&quot;custom&quot;,&quot;image_shape_mobile&quot;:&quot;sharp&quot;,&quot;layout_preset&quot;:&quot;showcase&quot;,&quot;layout_column_structure&quot;:&quot;50-50&quot;,&quot;layout_image_position&quot;:&quot;end&quot;,&quot;image_shape&quot;:&quot;sharp&quot;,&quot;box_shape&quot;:&quot;sharp&quot;}\" data-widget_type=\"flex-hero.default\">\n\t\t\t\t<div class=\"elementor-widget-container\">\n\t\t\t\t\t\t\t<div class=\"has-shape-sharp shape-type-box has-column-structure-50-50  ehp-flex-hero has-layout-preset-showcase has-image-position-end\">\n\t\t\t\t\t\t<div class=\"ehp-flex-hero__overlay\"><\/div>\n\t\t\t<div class=\"ehp-flex-hero__content-container\">\n\t\t\t\t<h2 class=\"ehp-flex-hero__heading\">L'ing\u00e9nierie de l'\u00e9vidence.<\/h2><h3 class=\"ehp-flex-hero__subheading\">Form\u00e9 \u00e0 la rigueur du design produit, j'ai cultiv\u00e9 le sens de la structure, du d\u00e9tail et de la p\u00e9rennit\u00e9. Cette exigence de la mati\u00e8re, je la transpose aujourd'hui dans l'univers num\u00e9rique.\nMon approche de l'UX et de l'UI Design ne se limite pas \u00e0 l'\u00e9cran : elle est une qu\u00eate de l'\u00e9vidence fonctionnelle alli\u00e9e \u00e0 une esth\u00e9tique de haute facture. J'accompagne des projets d'envergure o\u00f9 chaque interaction est pens\u00e9e comme une pi\u00e8ce de collection : singuli\u00e8re, intuitive et rigoureuse.\n\n<\/h3>\t\t\t<div class=\"ehp-flex-hero__ctas-container\">\n\t\t\t\t\t\t<a class=\"has-shape-custom shape-type-button ehp-button ehp-button--primary ehp-flex-hero__button ehp-flex-hero__button--primary is-type-button has-border\" href=\"https:\/\/chu-a-art.com\/index.php\/book-2\/\">\n\t\t\t\t\t<span class=\"ehp-button__text ehp-flex-hero__button-text ehp-flex-hero__button-text--primary\">\n\t\t\tExplorer mes travaux\t\t\t\t<\/a>\n\t\t\t\t\t\t\t\t\t<\/div>\n\t\t\t\t\t<\/div>\n\t\t\t\t<div class=\"ehp-flex-hero__image-wrapper\">\n\t\t\t\t\t<div class=\"ehp-image ehp-flex-hero__image-container\">\n\t\t\t\t<img decoding=\"async\" class=\"ehp-image__img ehp-flex-hero__img has-shape-sharp shape-type-image has-shape-sm-sharp\" src=\"https:\/\/chu-a-art.com\/wp-content\/uploads\/2026\/02\/photo-1527576539890-dfa815648363.avif\" title=\"photo-1527576539890-dfa815648363\" alt=\"photo-1527576539890-dfa815648363\" loading=\"lazy\" \/>\t\t\t<\/div>\n\t\t\t\t\t<\/div>\n\t\t\t\t<\/div>\n\t\t\t\t\t\t<\/div>\n\t\t\t\t<\/div>\n\t\t\t\t\t<\/div>\n\t\t\t\t<\/div>\n\t\t\t\t<\/div>\n\t\t","protected":false},"excerpt":{"rendered":"<p>L&rsquo;ing\u00e9nierie de l&rsquo;\u00e9vidence. Form\u00e9 \u00e0 la rigueur du design produit, j&rsquo;ai cultiv\u00e9 le sens de la structure, du d\u00e9tail et de la p\u00e9rennit\u00e9. Cette exigence de la mati\u00e8re, je la transpose aujourd&rsquo;hui dans l&rsquo;univers num\u00e9rique. Mon approche de l&rsquo;UX et de l&rsquo;UI Design ne se limite pas \u00e0 l&rsquo;\u00e9cran : elle est une qu\u00eate de [&hellip;]<\/p>\n","protected":false},"author":1,"featured_media":0,"parent":0,"menu_order":0,"comment_status":"closed","ping_status":"closed","template":"","meta":{"footnotes":""},"class_list":["post-964","page","type-page","status-publish","hentry","missing-thumbnail"],"_links":{"self":[{"href":"https:\/\/chu-a-art.com\/index.php\/wp-json\/wp\/v2\/pages\/964","targetHints":{"allow":["GET"]}}],"collection":[{"href":"https:\/\/chu-a-art.com\/index.php\/wp-json\/wp\/v2\/pages"}],"about":[{"href":"https:\/\/chu-a-art.com\/index.php\/wp-json\/wp\/v2\/types\/page"}],"author":[{"embeddable":true,"href":"https:\/\/chu-a-art.com\/index.php\/wp-json\/wp\/v2\/users\/1"}],"replies":[{"embeddable":true,"href":"https:\/\/chu-a-art.com\/index.php\/wp-json\/wp\/v2\/comments?post=964"}],"version-history":[{"count":43,"href":"https:\/\/chu-a-art.com\/index.php\/wp-json\/wp\/v2\/pages\/964\/revisions"}],"predecessor-version":[{"id":2213,"href":"https:\/\/chu-a-art.com\/index.php\/wp-json\/wp\/v2\/pages\/964\/revisions\/2213"}],"wp:attachment":[{"href":"https:\/\/chu-a-art.com\/index.php\/wp-json\/wp\/v2\/media?parent=964"}],"curies":[{"name":"wp","href":"https:\/\/api.w.org\/{rel}","templated":true}]}}