{"id":2200,"date":"2026-03-03T13:57:19","date_gmt":"2026-03-03T12:57:19","guid":{"rendered":"https:\/\/chu-a-art.com\/?page_id=2200"},"modified":"2026-03-03T14:03:16","modified_gmt":"2026-03-03T13:03:16","slug":"proje-france-tv2","status":"publish","type":"page","link":"https:\/\/chu-a-art.com\/index.php\/proje-france-tv2\/","title":{"rendered":"Projet France TV"},"content":{"rendered":"\t\t<div data-elementor-type=\"wp-page\" data-elementor-id=\"2200\" class=\"elementor elementor-2200\">\n\t\t\t\t<div class=\"elementor-element elementor-element-7c2d9ed4 e-flex e-con-boxed e-con e-parent\" data-id=\"7c2d9ed4\" data-element_type=\"container\" data-e-type=\"container\">\n\t\t\t\t\t<div class=\"e-con-inner\">\n\t\t\t\t<div class=\"elementor-element elementor-element-30df158e elementor-widget elementor-widget-image\" data-id=\"30df158e\" data-element_type=\"widget\" data-e-type=\"widget\" data-widget_type=\"image.default\">\n\t\t\t\t<div class=\"elementor-widget-container\">\n\t\t\t\t\t\t\t\t\t\t\t\t\t\t\t<img fetchpriority=\"high\" decoding=\"async\" width=\"1920\" height=\"1080\" src=\"https:\/\/chu-a-art.com\/wp-content\/uploads\/2026\/02\/Projet-France-TV-1.jpg\" class=\"attachment-full size-full wp-image-1890\" alt=\"\" srcset=\"https:\/\/chu-a-art.com\/wp-content\/uploads\/2026\/02\/Projet-France-TV-1.jpg 1920w, https:\/\/chu-a-art.com\/wp-content\/uploads\/2026\/02\/Projet-France-TV-1-300x169.jpg 300w, https:\/\/chu-a-art.com\/wp-content\/uploads\/2026\/02\/Projet-France-TV-1-100x56.jpg 100w, https:\/\/chu-a-art.com\/wp-content\/uploads\/2026\/02\/Projet-France-TV-1-768x432.jpg 768w, https:\/\/chu-a-art.com\/wp-content\/uploads\/2026\/02\/Projet-France-TV-1-1536x864.jpg 1536w, https:\/\/chu-a-art.com\/wp-content\/uploads\/2026\/02\/Projet-France-TV-1-1200x675.jpg 1200w, https:\/\/chu-a-art.com\/wp-content\/uploads\/2026\/02\/Projet-France-TV-1-1860x1046.jpg 1860w, https:\/\/chu-a-art.com\/wp-content\/uploads\/2026\/02\/Projet-France-TV-1-600x338.jpg 600w\" sizes=\"(max-width: 1920px) 100vw, 1920px\" \/>\t\t\t\t\t\t\t\t\t\t\t\t\t\t\t<\/div>\n\t\t\t\t<\/div>\n\t\t\t\t\t<\/div>\n\t\t\t\t<\/div>\n\t\t<div class=\"elementor-element elementor-element-1ae3075 e-flex e-con-boxed e-con e-parent\" data-id=\"1ae3075\" data-element_type=\"container\" data-e-type=\"container\">\n\t\t\t\t\t<div class=\"e-con-inner\">\n\t\t<div class=\"elementor-element elementor-element-47684be8 e-con-full e-flex e-con e-child\" data-id=\"47684be8\" data-element_type=\"container\" data-e-type=\"container\">\n\t\t\t\t<div class=\"elementor-element elementor-element-7b6624d0 elementor-widget elementor-widget-heading\" data-id=\"7b6624d0\" data-element_type=\"widget\" data-e-type=\"widget\" data-widget_type=\"heading.default\">\n\t\t\t\t<div class=\"elementor-widget-container\">\n\t\t\t\t\t<h2 class=\"elementor-heading-title elementor-size-default\">France TV &amp; Culturebox<\/h2>\t\t\t\t<\/div>\n\t\t\t\t<\/div>\n\t\t\t\t<\/div>\n\t\t<div class=\"elementor-element elementor-element-cb73e5c e-con-full e-flex e-con e-child\" data-id=\"cb73e5c\" data-element_type=\"container\" data-e-type=\"container\">\n\t\t\t\t<div class=\"elementor-element elementor-element-4715c8f1 elementor-widget elementor-widget-text-editor\" data-id=\"4715c8f1\" data-element_type=\"widget\" data-e-type=\"widget\" data-widget_type=\"text-editor.default\">\n\t\t\t\t<div class=\"elementor-widget-container\">\n\t\t\t\t\t\t\t\t\t<p style=\"text-align: right;\">ALLIANZ \u2014 UX|UI Designer &amp; Strat\u00e9gie<\/p>\t\t\t\t\t\t\t\t<\/div>\n\t\t\t\t<\/div>\n\t\t\t\t<\/div>\n\t\t\t\t\t<\/div>\n\t\t\t\t<\/div>\n\t\t<div class=\"elementor-element elementor-element-2df5ba12 e-flex e-con-boxed e-con e-parent\" data-id=\"2df5ba12\" data-element_type=\"container\" data-e-type=\"container\">\n\t\t\t\t\t<div class=\"e-con-inner\">\n\t\t\t\t<div class=\"elementor-element elementor-element-29594ace elementor-widget elementor-widget-heading\" data-id=\"29594ace\" data-element_type=\"widget\" data-e-type=\"widget\" data-widget_type=\"heading.default\">\n\t\t\t\t<div class=\"elementor-widget-container\">\n\t\t\t\t\t<h2 class=\"elementor-heading-title elementor-size-default\">La Vision &amp; L'Intention<\/h2>\t\t\t\t<\/div>\n\t\t\t\t<\/div>\n\t\t\t\t\t<\/div>\n\t\t\t\t<\/div>\n\t\t<div class=\"elementor-element elementor-element-30926a6e e-flex e-con-boxed e-con e-parent\" data-id=\"30926a6e\" data-element_type=\"container\" data-e-type=\"container\">\n\t\t\t\t\t<div class=\"e-con-inner\">\n\t\t\t\t<div class=\"elementor-element elementor-element-3ea0a242 elementor-widget__width-initial elementor-widget elementor-widget-text-editor\" data-id=\"3ea0a242\" data-element_type=\"widget\" data-e-type=\"widget\" data-widget_type=\"text-editor.default\">\n\t\t\t\t<div class=\"elementor-widget-container\">\n\t\t\t\t\t\t\t\t\t<p data-path-to-node=\"4\">\u00ab Pour France T\u00e9l\u00e9visions, l&rsquo;ambition \u00e9tait de red\u00e9finir les standards de la consommation m\u00e9diatique sur les nouveaux supports num\u00e9riques. Mon intervention a port\u00e9 sur la cr\u00e9ation d&rsquo;une navigation s\u00e9mantique immersive, muant la consultation de vid\u00e9os lin\u00e9aire en une exploration de contenus interactive et personnalis\u00e9e. Le but \u00e9tait de favoriser la d\u00e9couvrabilit\u00e9 au sein d&rsquo;un catalogue audiovisuel colossal tout en modernisant l&rsquo;image de marque du diffuseur. \u00bb<\/p>\t\t\t\t\t\t\t\t<\/div>\n\t\t\t\t<\/div>\n\t\t\t\t\t<\/div>\n\t\t\t\t<\/div>\n\t\t<div class=\"elementor-element elementor-element-7503ed8a e-flex e-con-boxed e-con e-parent\" data-id=\"7503ed8a\" data-element_type=\"container\" data-e-type=\"container\">\n\t\t\t\t\t<div class=\"e-con-inner\">\n\t\t\t\t<div class=\"elementor-element elementor-element-382f2894 elementor-widget elementor-widget-heading\" data-id=\"382f2894\" data-element_type=\"widget\" data-e-type=\"widget\" data-widget_type=\"heading.default\">\n\t\t\t\t<div class=\"elementor-widget-container\">\n\t\t\t\t\t<h2 class=\"elementor-heading-title elementor-size-default\">L'Expertise &amp; La M\u00e9thode<\/h2>\t\t\t\t<\/div>\n\t\t\t\t<\/div>\n\t\t\t\t\t<\/div>\n\t\t\t\t<\/div>\n\t\t<div class=\"elementor-element elementor-element-43536c37 e-flex e-con-boxed e-con e-parent\" data-id=\"43536c37\" data-element_type=\"container\" data-e-type=\"container\">\n\t\t\t\t\t<div class=\"e-con-inner\">\n\t\t\t\t<div class=\"elementor-element elementor-element-69b1666f elementor-widget__width-initial elementor-widget elementor-widget-text-editor\" data-id=\"69b1666f\" data-element_type=\"widget\" data-e-type=\"widget\" data-widget_type=\"text-editor.default\">\n\t\t\t\t<div class=\"elementor-widget-container\">\n\t\t\t\t\t\t\t\t\t<p data-path-to-node=\"6\">\u00a0\u00bb Cette transformation s\u2019est appuy\u00e9e sur une analyse profonde des nouveaux usages de consommation vid\u00e9o multi-\u00e9crans. \u00c0 travers une phase de recherche utilisateur et des protocoles de tests rigoureux, j&rsquo;ai identifi\u00e9 les points de friction pour les muer en opportunit\u00e9s d&rsquo;engagement. En pla\u00e7ant l&rsquo;accessibilit\u00e9 et la performance au c\u0153ur de la conception, nous avons b\u00e2ti une architecture d\u2019information agile, garantissant une coh\u00e9rence parfaite entre les diff\u00e9rentes cha\u00eenes et l\u2019identit\u00e9 forte du groupe France T\u00e9l\u00e9visions. \u00ab\u00a0<\/p>\t\t\t\t\t\t\t\t<\/div>\n\t\t\t\t<\/div>\n\t\t\t\t\t<\/div>\n\t\t\t\t<\/div>\n\t\t<div class=\"elementor-element elementor-element-41f49d06 e-flex e-con-boxed e-con e-parent\" data-id=\"41f49d06\" data-element_type=\"container\" data-e-type=\"container\">\n\t\t\t\t\t<div class=\"e-con-inner\">\n\t\t<div class=\"elementor-element elementor-element-2032d0d8 e-con-full e-flex e-con e-child\" data-id=\"2032d0d8\" data-element_type=\"container\" data-e-type=\"container\">\n\t\t\t\t<div class=\"elementor-element elementor-element-374a2267 elementor-align-left elementor-widget elementor-widget-button\" data-id=\"374a2267\" data-element_type=\"widget\" data-e-type=\"widget\" data-widget_type=\"button.default\">\n\t\t\t\t<div class=\"elementor-widget-container\">\n\t\t\t\t\t\t\t\t\t<div class=\"elementor-button-wrapper\">\n\t\t\t\t\t<a class=\"elementor-button elementor-button-link elementor-size-sm\" href=\"https:\/\/chu-a-art.com\/index.php\/book-2\/\">\n\t\t\t\t\t\t<span class=\"elementor-button-content-wrapper\">\n\t\t\t\t\t\t\t\t\t<span class=\"elementor-button-text\">Retour<\/span>\n\t\t\t\t\t<\/span>\n\t\t\t\t\t<\/a>\n\t\t\t\t<\/div>\n\t\t\t\t\t\t\t\t<\/div>\n\t\t\t\t<\/div>\n\t\t\t\t<\/div>\n\t\t<div class=\"elementor-element elementor-element-735f3f7b e-con-full e-flex e-con e-child\" data-id=\"735f3f7b\" data-element_type=\"container\" data-e-type=\"container\">\n\t\t\t\t<div class=\"elementor-element elementor-element-6237b60e elementor-align-right elementor-widget elementor-widget-button\" data-id=\"6237b60e\" data-element_type=\"widget\" data-e-type=\"widget\" data-widget_type=\"button.default\">\n\t\t\t\t<div class=\"elementor-widget-container\">\n\t\t\t\t\t\t\t\t\t<div class=\"elementor-button-wrapper\">\n\t\t\t\t\t<a class=\"elementor-button elementor-button-link elementor-size-sm\" href=\"https:\/\/chu-a-art.com\/index.php\/coordonnees\/\">\n\t\t\t\t\t\t<span class=\"elementor-button-content-wrapper\">\n\t\t\t\t\t\t\t\t\t<span class=\"elementor-button-text\">Planifier maintenant<\/span>\n\t\t\t\t\t<\/span>\n\t\t\t\t\t<\/a>\n\t\t\t\t<\/div>\n\t\t\t\t\t\t\t\t<\/div>\n\t\t\t\t<\/div>\n\t\t\t\t<\/div>\n\t\t\t\t\t<\/div>\n\t\t\t\t<\/div>\n\t\t\t\t<\/div>\n\t\t","protected":false},"excerpt":{"rendered":"<p>France TV &amp; Culturebox ALLIANZ \u2014 UX|UI Designer &amp; Strat\u00e9gie La Vision &amp; L&rsquo;Intention \u00ab Pour France T\u00e9l\u00e9visions, l&rsquo;ambition \u00e9tait de red\u00e9finir les standards de la consommation m\u00e9diatique sur les nouveaux supports num\u00e9riques. Mon intervention a port\u00e9 sur la cr\u00e9ation d&rsquo;une navigation s\u00e9mantique immersive, muant la consultation de vid\u00e9os lin\u00e9aire en une exploration de contenus [&hellip;]<\/p>\n","protected":false},"author":1,"featured_media":0,"parent":0,"menu_order":0,"comment_status":"closed","ping_status":"closed","template":"","meta":{"footnotes":""},"class_list":["post-2200","page","type-page","status-publish","hentry","missing-thumbnail"],"_links":{"self":[{"href":"https:\/\/chu-a-art.com\/index.php\/wp-json\/wp\/v2\/pages\/2200","targetHints":{"allow":["GET"]}}],"collection":[{"href":"https:\/\/chu-a-art.com\/index.php\/wp-json\/wp\/v2\/pages"}],"about":[{"href":"https:\/\/chu-a-art.com\/index.php\/wp-json\/wp\/v2\/types\/page"}],"author":[{"embeddable":true,"href":"https:\/\/chu-a-art.com\/index.php\/wp-json\/wp\/v2\/users\/1"}],"replies":[{"embeddable":true,"href":"https:\/\/chu-a-art.com\/index.php\/wp-json\/wp\/v2\/comments?post=2200"}],"version-history":[{"count":6,"href":"https:\/\/chu-a-art.com\/index.php\/wp-json\/wp\/v2\/pages\/2200\/revisions"}],"predecessor-version":[{"id":2207,"href":"https:\/\/chu-a-art.com\/index.php\/wp-json\/wp\/v2\/pages\/2200\/revisions\/2207"}],"wp:attachment":[{"href":"https:\/\/chu-a-art.com\/index.php\/wp-json\/wp\/v2\/media?parent=2200"}],"curies":[{"name":"wp","href":"https:\/\/api.w.org\/{rel}","templated":true}]}}