{"id":1687,"date":"2026-02-17T17:53:44","date_gmt":"2026-02-17T16:53:44","guid":{"rendered":"https:\/\/chu-a-art.com\/?page_id=1687"},"modified":"2026-02-27T15:59:31","modified_gmt":"2026-02-27T14:59:31","slug":"projet-figaro-homepad","status":"publish","type":"page","link":"https:\/\/chu-a-art.com\/index.php\/projet-figaro-homepad\/","title":{"rendered":"Projet FIGARO Homepad"},"content":{"rendered":"\t\t<div data-elementor-type=\"wp-page\" data-elementor-id=\"1687\" class=\"elementor elementor-1687\">\n\t\t\t\t<div class=\"elementor-element elementor-element-9840d35 e-flex e-con-boxed e-con e-parent\" data-id=\"9840d35\" data-element_type=\"container\" data-e-type=\"container\">\n\t\t\t\t\t<div class=\"e-con-inner\">\n\t\t\t\t<div class=\"elementor-element elementor-element-b2f2d13 elementor-widget elementor-widget-image\" data-id=\"b2f2d13\" data-element_type=\"widget\" data-e-type=\"widget\" data-widget_type=\"image.default\">\n\t\t\t\t<div class=\"elementor-widget-container\">\n\t\t\t\t\t\t\t\t\t\t\t\t\t\t\t<img fetchpriority=\"high\" decoding=\"async\" width=\"1920\" height=\"1080\" src=\"https:\/\/chu-a-art.com\/wp-content\/uploads\/2026\/02\/Projet-Figaro-Homepad-1.jpg\" class=\"attachment-full size-full wp-image-1905\" alt=\"\" srcset=\"https:\/\/chu-a-art.com\/wp-content\/uploads\/2026\/02\/Projet-Figaro-Homepad-1.jpg 1920w, https:\/\/chu-a-art.com\/wp-content\/uploads\/2026\/02\/Projet-Figaro-Homepad-1-300x169.jpg 300w, https:\/\/chu-a-art.com\/wp-content\/uploads\/2026\/02\/Projet-Figaro-Homepad-1-100x56.jpg 100w, https:\/\/chu-a-art.com\/wp-content\/uploads\/2026\/02\/Projet-Figaro-Homepad-1-768x432.jpg 768w, https:\/\/chu-a-art.com\/wp-content\/uploads\/2026\/02\/Projet-Figaro-Homepad-1-1536x864.jpg 1536w, https:\/\/chu-a-art.com\/wp-content\/uploads\/2026\/02\/Projet-Figaro-Homepad-1-1200x675.jpg 1200w, https:\/\/chu-a-art.com\/wp-content\/uploads\/2026\/02\/Projet-Figaro-Homepad-1-1860x1046.jpg 1860w, https:\/\/chu-a-art.com\/wp-content\/uploads\/2026\/02\/Projet-Figaro-Homepad-1-600x338.jpg 600w\" sizes=\"(max-width: 1920px) 100vw, 1920px\" \/>\t\t\t\t\t\t\t\t\t\t\t\t\t\t\t<\/div>\n\t\t\t\t<\/div>\n\t\t\t\t\t<\/div>\n\t\t\t\t<\/div>\n\t\t<div class=\"elementor-element elementor-element-79388c86 e-flex e-con-boxed e-con e-parent\" data-id=\"79388c86\" data-element_type=\"container\" data-e-type=\"container\">\n\t\t\t\t\t<div class=\"e-con-inner\">\n\t\t<div class=\"elementor-element elementor-element-39a6742e e-con-full e-flex e-con e-child\" data-id=\"39a6742e\" data-element_type=\"container\" data-e-type=\"container\">\n\t\t\t\t<div class=\"elementor-element elementor-element-40987c92 elementor-widget elementor-widget-heading\" data-id=\"40987c92\" data-element_type=\"widget\" data-e-type=\"widget\" data-widget_type=\"heading.default\">\n\t\t\t\t<div class=\"elementor-widget-container\">\n\t\t\t\t\t<h2 class=\"elementor-heading-title elementor-size-default\">HomePad<\/h2>\t\t\t\t<\/div>\n\t\t\t\t<\/div>\n\t\t\t\t<\/div>\n\t\t<div class=\"elementor-element elementor-element-948c2e7 e-con-full e-flex e-con e-child\" data-id=\"948c2e7\" data-element_type=\"container\" data-e-type=\"container\">\n\t\t\t\t<div class=\"elementor-element elementor-element-75c82bf5 elementor-widget elementor-widget-text-editor\" data-id=\"75c82bf5\" data-element_type=\"widget\" data-e-type=\"widget\" data-widget_type=\"text-editor.default\">\n\t\t\t\t<div class=\"elementor-widget-container\">\n\t\t\t\t\t\t\t\t\t<p style=\"text-align: right;\">GROUPE FIGARO \u2014 UX|UI Designer &amp; Strat\u00e9gie<\/p>\t\t\t\t\t\t\t\t<\/div>\n\t\t\t\t<\/div>\n\t\t\t\t<\/div>\n\t\t\t\t\t<\/div>\n\t\t\t\t<\/div>\n\t\t<div class=\"elementor-element elementor-element-6b2e5c e-flex e-con-boxed e-con e-parent\" data-id=\"6b2e5c\" data-element_type=\"container\" data-e-type=\"container\">\n\t\t\t\t\t<div class=\"e-con-inner\">\n\t\t\t\t<div class=\"elementor-element elementor-element-4ac94ef9 elementor-widget elementor-widget-heading\" data-id=\"4ac94ef9\" data-element_type=\"widget\" data-e-type=\"widget\" data-widget_type=\"heading.default\">\n\t\t\t\t<div class=\"elementor-widget-container\">\n\t\t\t\t\t<h2 class=\"elementor-heading-title elementor-size-default\">La Vision &amp; L'Intention<\/h2>\t\t\t\t<\/div>\n\t\t\t\t<\/div>\n\t\t\t\t\t<\/div>\n\t\t\t\t<\/div>\n\t\t<div class=\"elementor-element elementor-element-65413568 e-flex e-con-boxed e-con e-parent\" data-id=\"65413568\" data-element_type=\"container\" data-e-type=\"container\">\n\t\t\t\t\t<div class=\"e-con-inner\">\n\t\t\t\t<div class=\"elementor-element elementor-element-2fa189ea elementor-widget__width-initial elementor-widget elementor-widget-text-editor\" data-id=\"2fa189ea\" data-element_type=\"widget\" data-e-type=\"widget\" data-widget_type=\"text-editor.default\">\n\t\t\t\t<div class=\"elementor-widget-container\">\n\t\t\t\t\t\t\t\t\t<p data-path-to-node=\"4\">\u00ab Concernant homePad, l&rsquo;objectif principal \u00e9tait de digitaliser l&rsquo;\u00e9tat des lieux et l&rsquo;assurance habitat avec une approche r\u00e9solument moderne. Mon travail a privil\u00e9gi\u00e9 une ergonomie de terrain r\u00e9active, capable de transformer des relev\u00e9s techniques sur tablette en documents capable de transformer des relev\u00e9s techniques sur tablette en comptes-rendus certifi\u00e9s et lisibles. Il s&rsquo;agissait de fluidifier les \u00e9changes entre propri\u00e9taires et locataires en int\u00e9grant des services d&rsquo;assurance au moment le plus opportun du cycle immobilier. \u00bb<\/p>\t\t\t\t\t\t\t\t<\/div>\n\t\t\t\t<\/div>\n\t\t\t\t\t<\/div>\n\t\t\t\t<\/div>\n\t\t<div class=\"elementor-element elementor-element-232bf614 e-flex e-con-boxed e-con e-parent\" data-id=\"232bf614\" data-element_type=\"container\" data-e-type=\"container\">\n\t\t\t\t\t<div class=\"e-con-inner\">\n\t\t\t\t<div class=\"elementor-element elementor-element-22821602 elementor-widget elementor-widget-heading\" data-id=\"22821602\" data-element_type=\"widget\" data-e-type=\"widget\" data-widget_type=\"heading.default\">\n\t\t\t\t<div class=\"elementor-widget-container\">\n\t\t\t\t\t<h2 class=\"elementor-heading-title elementor-size-default\">L'Expertise &amp; La M\u00e9thode<\/h2>\t\t\t\t<\/div>\n\t\t\t\t<\/div>\n\t\t\t\t\t<\/div>\n\t\t\t\t<\/div>\n\t\t<div class=\"elementor-element elementor-element-7075c653 e-flex e-con-boxed e-con e-parent\" data-id=\"7075c653\" data-element_type=\"container\" data-e-type=\"container\">\n\t\t\t\t\t<div class=\"e-con-inner\">\n\t\t\t\t<div class=\"elementor-element elementor-element-6fc6aad9 elementor-widget__width-initial elementor-widget elementor-widget-text-editor\" data-id=\"6fc6aad9\" data-element_type=\"widget\" data-e-type=\"widget\" data-widget_type=\"text-editor.default\">\n\t\t\t\t<div class=\"elementor-widget-container\">\n\t\t\t\t\t\t\t\t\t<p data-path-to-node=\"6\">\u00ab Le d\u00e9veloppement de cette solution a n\u00e9cessit\u00e9 une compr\u00e9hension fine des attentes s\u00e9curitaires du secteur locatif. En articulant une structure de saisie de donn\u00e9es flexible agr\u00e9ment\u00e9e de visuels explicatifs, j&rsquo;ai cr\u00e9\u00e9 un tunnel de souscription performant. Cette interface renforce la cr\u00e9dibilit\u00e9 du professionnel tout en s\u00e9curisant le locataire, prouvant que l&rsquo;UX design peut simplifier les transactions immobili\u00e8res les plus complexes. \u00bb<\/p>\t\t\t\t\t\t\t\t<\/div>\n\t\t\t\t<\/div>\n\t\t\t\t\t<\/div>\n\t\t\t\t<\/div>\n\t\t<div class=\"elementor-element elementor-element-39495c79 e-flex e-con-boxed e-con e-parent\" data-id=\"39495c79\" data-element_type=\"container\" data-e-type=\"container\">\n\t\t\t\t\t<div class=\"e-con-inner\">\n\t\t<div class=\"elementor-element elementor-element-317d82c9 e-con-full e-flex e-con e-child\" data-id=\"317d82c9\" data-element_type=\"container\" data-e-type=\"container\">\n\t\t\t\t<div class=\"elementor-element elementor-element-6308dabd elementor-align-left elementor-widget elementor-widget-button\" data-id=\"6308dabd\" data-element_type=\"widget\" data-e-type=\"widget\" data-widget_type=\"button.default\">\n\t\t\t\t<div class=\"elementor-widget-container\">\n\t\t\t\t\t\t\t\t\t<div class=\"elementor-button-wrapper\">\n\t\t\t\t\t<a class=\"elementor-button elementor-button-link elementor-size-sm\" href=\"https:\/\/chu-a-art.com\/index.php\/book-2\/\">\n\t\t\t\t\t\t<span class=\"elementor-button-content-wrapper\">\n\t\t\t\t\t\t\t\t\t<span class=\"elementor-button-text\">Retour<\/span>\n\t\t\t\t\t<\/span>\n\t\t\t\t\t<\/a>\n\t\t\t\t<\/div>\n\t\t\t\t\t\t\t\t<\/div>\n\t\t\t\t<\/div>\n\t\t\t\t<\/div>\n\t\t<div class=\"elementor-element elementor-element-3791e335 e-con-full e-flex e-con e-child\" data-id=\"3791e335\" data-element_type=\"container\" data-e-type=\"container\">\n\t\t\t\t<div class=\"elementor-element elementor-element-478b46a1 elementor-align-right elementor-widget elementor-widget-button\" data-id=\"478b46a1\" data-element_type=\"widget\" data-e-type=\"widget\" data-widget_type=\"button.default\">\n\t\t\t\t<div class=\"elementor-widget-container\">\n\t\t\t\t\t\t\t\t\t<div class=\"elementor-button-wrapper\">\n\t\t\t\t\t<a class=\"elementor-button elementor-button-link elementor-size-sm\" href=\"https:\/\/chu-a-art.com\/index.php\/coordonnees\/\">\n\t\t\t\t\t\t<span class=\"elementor-button-content-wrapper\">\n\t\t\t\t\t\t\t\t\t<span class=\"elementor-button-text\">Planifier maintenant<\/span>\n\t\t\t\t\t<\/span>\n\t\t\t\t\t<\/a>\n\t\t\t\t<\/div>\n\t\t\t\t\t\t\t\t<\/div>\n\t\t\t\t<\/div>\n\t\t\t\t<\/div>\n\t\t\t\t\t<\/div>\n\t\t\t\t<\/div>\n\t\t\t\t<\/div>\n\t\t","protected":false},"excerpt":{"rendered":"<p>HomePad GROUPE FIGARO \u2014 UX|UI Designer &amp; Strat\u00e9gie La Vision &amp; L&rsquo;Intention \u00ab Concernant homePad, l&rsquo;objectif principal \u00e9tait de digitaliser l&rsquo;\u00e9tat des lieux et l&rsquo;assurance habitat avec une approche r\u00e9solument moderne. Mon travail a privil\u00e9gi\u00e9 une ergonomie de terrain r\u00e9active, capable de transformer des relev\u00e9s techniques sur tablette en documents capable de transformer des relev\u00e9s [&hellip;]<\/p>\n","protected":false},"author":1,"featured_media":0,"parent":0,"menu_order":0,"comment_status":"closed","ping_status":"closed","template":"","meta":{"footnotes":""},"class_list":["post-1687","page","type-page","status-publish","hentry","missing-thumbnail"],"_links":{"self":[{"href":"https:\/\/chu-a-art.com\/index.php\/wp-json\/wp\/v2\/pages\/1687","targetHints":{"allow":["GET"]}}],"collection":[{"href":"https:\/\/chu-a-art.com\/index.php\/wp-json\/wp\/v2\/pages"}],"about":[{"href":"https:\/\/chu-a-art.com\/index.php\/wp-json\/wp\/v2\/types\/page"}],"author":[{"embeddable":true,"href":"https:\/\/chu-a-art.com\/index.php\/wp-json\/wp\/v2\/users\/1"}],"replies":[{"embeddable":true,"href":"https:\/\/chu-a-art.com\/index.php\/wp-json\/wp\/v2\/comments?post=1687"}],"version-history":[{"count":31,"href":"https:\/\/chu-a-art.com\/index.php\/wp-json\/wp\/v2\/pages\/1687\/revisions"}],"predecessor-version":[{"id":2151,"href":"https:\/\/chu-a-art.com\/index.php\/wp-json\/wp\/v2\/pages\/1687\/revisions\/2151"}],"wp:attachment":[{"href":"https:\/\/chu-a-art.com\/index.php\/wp-json\/wp\/v2\/media?parent=1687"}],"curies":[{"name":"wp","href":"https:\/\/api.w.org\/{rel}","templated":true}]}}