{"id":1657,"date":"2026-02-17T17:42:30","date_gmt":"2026-02-17T16:42:30","guid":{"rendered":"https:\/\/chu-a-art.com\/?page_id=1657"},"modified":"2026-02-27T15:54:42","modified_gmt":"2026-02-27T14:54:42","slug":"projet-figaro-ariase","status":"publish","type":"page","link":"https:\/\/chu-a-art.com\/index.php\/projet-figaro-ariase\/","title":{"rendered":"Projet Figaro ARIASE"},"content":{"rendered":"\t\t<div data-elementor-type=\"wp-page\" data-elementor-id=\"1657\" class=\"elementor elementor-1657\">\n\t\t\t\t<div class=\"elementor-element elementor-element-15bcfcf2 e-flex e-con-boxed e-con e-parent\" data-id=\"15bcfcf2\" data-element_type=\"container\" data-e-type=\"container\">\n\t\t\t\t\t<div class=\"e-con-inner\">\n\t\t\t\t<div class=\"elementor-element elementor-element-367e6297 elementor-widget elementor-widget-image\" data-id=\"367e6297\" data-element_type=\"widget\" data-e-type=\"widget\" data-widget_type=\"image.default\">\n\t\t\t\t<div class=\"elementor-widget-container\">\n\t\t\t\t\t\t\t\t\t\t\t\t\t\t\t<img fetchpriority=\"high\" decoding=\"async\" width=\"1920\" height=\"1080\" src=\"https:\/\/chu-a-art.com\/wp-content\/uploads\/2026\/02\/Projet-Figaro-Ariase-1.jpg\" class=\"attachment-full size-full wp-image-1903\" alt=\"\" srcset=\"https:\/\/chu-a-art.com\/wp-content\/uploads\/2026\/02\/Projet-Figaro-Ariase-1.jpg 1920w, https:\/\/chu-a-art.com\/wp-content\/uploads\/2026\/02\/Projet-Figaro-Ariase-1-300x169.jpg 300w, https:\/\/chu-a-art.com\/wp-content\/uploads\/2026\/02\/Projet-Figaro-Ariase-1-100x56.jpg 100w, https:\/\/chu-a-art.com\/wp-content\/uploads\/2026\/02\/Projet-Figaro-Ariase-1-768x432.jpg 768w, https:\/\/chu-a-art.com\/wp-content\/uploads\/2026\/02\/Projet-Figaro-Ariase-1-1536x864.jpg 1536w, https:\/\/chu-a-art.com\/wp-content\/uploads\/2026\/02\/Projet-Figaro-Ariase-1-1200x675.jpg 1200w, https:\/\/chu-a-art.com\/wp-content\/uploads\/2026\/02\/Projet-Figaro-Ariase-1-1860x1046.jpg 1860w, https:\/\/chu-a-art.com\/wp-content\/uploads\/2026\/02\/Projet-Figaro-Ariase-1-600x338.jpg 600w\" sizes=\"(max-width: 1920px) 100vw, 1920px\" \/>\t\t\t\t\t\t\t\t\t\t\t\t\t\t\t<\/div>\n\t\t\t\t<\/div>\n\t\t\t\t\t<\/div>\n\t\t\t\t<\/div>\n\t\t<div class=\"elementor-element elementor-element-15219f1f e-flex e-con-boxed e-con e-parent\" data-id=\"15219f1f\" data-element_type=\"container\" data-e-type=\"container\">\n\t\t\t\t\t<div class=\"e-con-inner\">\n\t\t<div class=\"elementor-element elementor-element-28ca6f8a e-con-full e-flex e-con e-child\" data-id=\"28ca6f8a\" data-element_type=\"container\" data-e-type=\"container\">\n\t\t\t\t<div class=\"elementor-element elementor-element-3d8d4330 elementor-widget elementor-widget-heading\" data-id=\"3d8d4330\" data-element_type=\"widget\" data-e-type=\"widget\" data-widget_type=\"heading.default\">\n\t\t\t\t<div class=\"elementor-widget-container\">\n\t\t\t\t\t<h2 class=\"elementor-heading-title elementor-size-default\">Ariase<\/h2>\t\t\t\t<\/div>\n\t\t\t\t<\/div>\n\t\t\t\t<\/div>\n\t\t<div class=\"elementor-element elementor-element-12784c37 e-con-full e-flex e-con e-child\" data-id=\"12784c37\" data-element_type=\"container\" data-e-type=\"container\">\n\t\t\t\t<div class=\"elementor-element elementor-element-60ce600d elementor-widget elementor-widget-text-editor\" data-id=\"60ce600d\" data-element_type=\"widget\" data-e-type=\"widget\" data-widget_type=\"text-editor.default\">\n\t\t\t\t<div class=\"elementor-widget-container\">\n\t\t\t\t\t\t\t\t\t<p style=\"text-align: right;\">GROUPE FIGARO \u2014 UX|UI Designer &amp; Strat\u00e9gie<\/p>\t\t\t\t\t\t\t\t<\/div>\n\t\t\t\t<\/div>\n\t\t\t\t<\/div>\n\t\t\t\t\t<\/div>\n\t\t\t\t<\/div>\n\t\t<div class=\"elementor-element elementor-element-17507dc2 e-flex e-con-boxed e-con e-parent\" data-id=\"17507dc2\" data-element_type=\"container\" data-e-type=\"container\">\n\t\t\t\t\t<div class=\"e-con-inner\">\n\t\t\t\t<div class=\"elementor-element elementor-element-fc9dca9 elementor-widget elementor-widget-heading\" data-id=\"fc9dca9\" data-element_type=\"widget\" data-e-type=\"widget\" data-widget_type=\"heading.default\">\n\t\t\t\t<div class=\"elementor-widget-container\">\n\t\t\t\t\t<h2 class=\"elementor-heading-title elementor-size-default\">La Vision &amp; L'Intention<\/h2>\t\t\t\t<\/div>\n\t\t\t\t<\/div>\n\t\t\t\t\t<\/div>\n\t\t\t\t<\/div>\n\t\t<div class=\"elementor-element elementor-element-2ede271d e-flex e-con-boxed e-con e-parent\" data-id=\"2ede271d\" data-element_type=\"container\" data-e-type=\"container\">\n\t\t\t\t\t<div class=\"e-con-inner\">\n\t\t\t\t<div class=\"elementor-element elementor-element-58239b37 elementor-widget__width-initial elementor-widget elementor-widget-text-editor\" data-id=\"58239b37\" data-element_type=\"widget\" data-e-type=\"widget\" data-widget_type=\"text-editor.default\">\n\t\t\t\t<div class=\"elementor-widget-container\">\n\t\t\t\t\t\t\t\t\t<p data-path-to-node=\"4\">\u00ab Pour Ariase, la priorit\u00e9 \u00e9tait d&rsquo;instaurer une transparence totale sur le march\u00e9 des t\u00e9l\u00e9communications via un comparateur d&rsquo;une simplicit\u00e9 in\u00e9dite. Mon intervention a port\u00e9 sur la clarification des offres haut d\u00e9bit, transformant une jungle de forfaits techniques en une s\u00e9lection personnalis\u00e9e \u00e9vidente. L&rsquo;enjeu \u00e9tait de redonner le pouvoir de d\u00e9cision au consommateur gr\u00e2ce \u00e0 une interface qui priorise l&rsquo;honn\u00eatet\u00e9 et la lisibilit\u00e9 des tarifs. \u00bb<\/p>\t\t\t\t\t\t\t\t<\/div>\n\t\t\t\t<\/div>\n\t\t\t\t\t<\/div>\n\t\t\t\t<\/div>\n\t\t<div class=\"elementor-element elementor-element-fcd567e e-flex e-con-boxed e-con e-parent\" data-id=\"fcd567e\" data-element_type=\"container\" data-e-type=\"container\">\n\t\t\t\t\t<div class=\"e-con-inner\">\n\t\t\t\t<div class=\"elementor-element elementor-element-195fc6e2 elementor-widget elementor-widget-heading\" data-id=\"195fc6e2\" data-element_type=\"widget\" data-e-type=\"widget\" data-widget_type=\"heading.default\">\n\t\t\t\t<div class=\"elementor-widget-container\">\n\t\t\t\t\t<h2 class=\"elementor-heading-title elementor-size-default\">L'Expertise &amp; La M\u00e9thode<\/h2>\t\t\t\t<\/div>\n\t\t\t\t<\/div>\n\t\t\t\t\t<\/div>\n\t\t\t\t<\/div>\n\t\t<div class=\"elementor-element elementor-element-652cab8 e-flex e-con-boxed e-con e-parent\" data-id=\"652cab8\" data-element_type=\"container\" data-e-type=\"container\">\n\t\t\t\t\t<div class=\"e-con-inner\">\n\t\t\t\t<div class=\"elementor-element elementor-element-7888d841 elementor-widget__width-initial elementor-widget elementor-widget-text-editor\" data-id=\"7888d841\" data-element_type=\"widget\" data-e-type=\"widget\" data-widget_type=\"text-editor.default\">\n\t\t\t\t<div class=\"elementor-widget-container\">\n\t\t\t\t\t\t\t\t\t<p data-path-to-node=\"6\">\u00ab Cette transformation s\u2019est appuy\u00e9e sur l&rsquo;optimisation des performances du site pour am\u00e9liorer le taux de transformation, notamment via des tests A\/B et une r\u00e9duction des temps de chargement. \u00c0 travers une phase de recherche strat\u00e9gique, j&rsquo;ai identifi\u00e9 les leviers de satisfaction pour muer la simple consultation en une conversion r\u00e9ussie. En pla\u00e7ant la performance et l&rsquo;ergonomie au c\u0153ur de la conception, nous avons b\u00e2ti une architecture d\u2019information agile, garantissant une coh\u00e9rence parfaite et une exp\u00e9rience utilisateur valoris\u00e9e. \u00bb<\/p>\t\t\t\t\t\t\t\t<\/div>\n\t\t\t\t<\/div>\n\t\t\t\t\t<\/div>\n\t\t\t\t<\/div>\n\t\t<div class=\"elementor-element elementor-element-37dfe56e e-flex e-con-boxed e-con e-parent\" data-id=\"37dfe56e\" data-element_type=\"container\" data-e-type=\"container\">\n\t\t\t\t\t<div class=\"e-con-inner\">\n\t\t<div class=\"elementor-element elementor-element-347b056e e-con-full e-flex e-con e-child\" data-id=\"347b056e\" data-element_type=\"container\" data-e-type=\"container\">\n\t\t\t\t<div class=\"elementor-element elementor-element-6f7a5b2f elementor-align-left elementor-widget elementor-widget-button\" data-id=\"6f7a5b2f\" data-element_type=\"widget\" data-e-type=\"widget\" data-widget_type=\"button.default\">\n\t\t\t\t<div class=\"elementor-widget-container\">\n\t\t\t\t\t\t\t\t\t<div class=\"elementor-button-wrapper\">\n\t\t\t\t\t<a class=\"elementor-button elementor-button-link elementor-size-sm\" href=\"https:\/\/chu-a-art.com\/index.php\/book-2\/\">\n\t\t\t\t\t\t<span class=\"elementor-button-content-wrapper\">\n\t\t\t\t\t\t\t\t\t<span class=\"elementor-button-text\">Retour<\/span>\n\t\t\t\t\t<\/span>\n\t\t\t\t\t<\/a>\n\t\t\t\t<\/div>\n\t\t\t\t\t\t\t\t<\/div>\n\t\t\t\t<\/div>\n\t\t\t\t<\/div>\n\t\t<div class=\"elementor-element elementor-element-54ffa8d e-con-full e-flex e-con e-child\" data-id=\"54ffa8d\" data-element_type=\"container\" data-e-type=\"container\">\n\t\t\t\t<div class=\"elementor-element elementor-element-650bbc05 elementor-align-right elementor-widget elementor-widget-button\" data-id=\"650bbc05\" data-element_type=\"widget\" data-e-type=\"widget\" data-widget_type=\"button.default\">\n\t\t\t\t<div class=\"elementor-widget-container\">\n\t\t\t\t\t\t\t\t\t<div class=\"elementor-button-wrapper\">\n\t\t\t\t\t<a class=\"elementor-button elementor-button-link elementor-size-sm\" href=\"https:\/\/chu-a-art.com\/index.php\/coordonnees\/\">\n\t\t\t\t\t\t<span class=\"elementor-button-content-wrapper\">\n\t\t\t\t\t\t\t\t\t<span class=\"elementor-button-text\">Planifier maintenant<\/span>\n\t\t\t\t\t<\/span>\n\t\t\t\t\t<\/a>\n\t\t\t\t<\/div>\n\t\t\t\t\t\t\t\t<\/div>\n\t\t\t\t<\/div>\n\t\t\t\t<\/div>\n\t\t\t\t\t<\/div>\n\t\t\t\t<\/div>\n\t\t\t\t<\/div>\n\t\t","protected":false},"excerpt":{"rendered":"<p>Ariase GROUPE FIGARO \u2014 UX|UI Designer &amp; Strat\u00e9gie La Vision &amp; L&rsquo;Intention \u00ab Pour Ariase, la priorit\u00e9 \u00e9tait d&rsquo;instaurer une transparence totale sur le march\u00e9 des t\u00e9l\u00e9communications via un comparateur d&rsquo;une simplicit\u00e9 in\u00e9dite. Mon intervention a port\u00e9 sur la clarification des offres haut d\u00e9bit, transformant une jungle de forfaits techniques en une s\u00e9lection personnalis\u00e9e \u00e9vidente. [&hellip;]<\/p>\n","protected":false},"author":1,"featured_media":0,"parent":0,"menu_order":0,"comment_status":"closed","ping_status":"closed","template":"","meta":{"footnotes":""},"class_list":["post-1657","page","type-page","status-publish","hentry","missing-thumbnail"],"_links":{"self":[{"href":"https:\/\/chu-a-art.com\/index.php\/wp-json\/wp\/v2\/pages\/1657","targetHints":{"allow":["GET"]}}],"collection":[{"href":"https:\/\/chu-a-art.com\/index.php\/wp-json\/wp\/v2\/pages"}],"about":[{"href":"https:\/\/chu-a-art.com\/index.php\/wp-json\/wp\/v2\/types\/page"}],"author":[{"embeddable":true,"href":"https:\/\/chu-a-art.com\/index.php\/wp-json\/wp\/v2\/users\/1"}],"replies":[{"embeddable":true,"href":"https:\/\/chu-a-art.com\/index.php\/wp-json\/wp\/v2\/comments?post=1657"}],"version-history":[{"count":16,"href":"https:\/\/chu-a-art.com\/index.php\/wp-json\/wp\/v2\/pages\/1657\/revisions"}],"predecessor-version":[{"id":2145,"href":"https:\/\/chu-a-art.com\/index.php\/wp-json\/wp\/v2\/pages\/1657\/revisions\/2145"}],"wp:attachment":[{"href":"https:\/\/chu-a-art.com\/index.php\/wp-json\/wp\/v2\/media?parent=1657"}],"curies":[{"name":"wp","href":"https:\/\/api.w.org\/{rel}","templated":true}]}}