{"id":1502,"date":"2026-02-17T12:26:11","date_gmt":"2026-02-17T11:26:11","guid":{"rendered":"https:\/\/chu-a-art.com\/?page_id=1502"},"modified":"2026-02-27T15:23:32","modified_gmt":"2026-02-27T14:23:32","slug":"projet-sncf-ter","status":"publish","type":"page","link":"https:\/\/chu-a-art.com\/index.php\/projet-sncf-ter\/","title":{"rendered":"Projet SNCF TER"},"content":{"rendered":"\t\t<div data-elementor-type=\"wp-page\" data-elementor-id=\"1502\" class=\"elementor elementor-1502\">\n\t\t\t\t<div class=\"elementor-element elementor-element-2b107a61 e-flex e-con-boxed e-con e-parent\" data-id=\"2b107a61\" data-element_type=\"container\" data-e-type=\"container\">\n\t\t\t\t\t<div class=\"e-con-inner\">\n\t\t\t\t<div class=\"elementor-element elementor-element-6d48995c elementor-widget elementor-widget-image\" data-id=\"6d48995c\" data-element_type=\"widget\" data-e-type=\"widget\" data-widget_type=\"image.default\">\n\t\t\t\t<div class=\"elementor-widget-container\">\n\t\t\t\t\t\t\t\t\t\t\t\t\t\t\t<img fetchpriority=\"high\" decoding=\"async\" width=\"1920\" height=\"1080\" src=\"https:\/\/chu-a-art.com\/wp-content\/uploads\/2026\/02\/Projet-SNCF-TER-1.jpg\" class=\"attachment-full size-full wp-image-1906\" alt=\"\" srcset=\"https:\/\/chu-a-art.com\/wp-content\/uploads\/2026\/02\/Projet-SNCF-TER-1.jpg 1920w, https:\/\/chu-a-art.com\/wp-content\/uploads\/2026\/02\/Projet-SNCF-TER-1-300x169.jpg 300w, https:\/\/chu-a-art.com\/wp-content\/uploads\/2026\/02\/Projet-SNCF-TER-1-100x56.jpg 100w, https:\/\/chu-a-art.com\/wp-content\/uploads\/2026\/02\/Projet-SNCF-TER-1-768x432.jpg 768w, https:\/\/chu-a-art.com\/wp-content\/uploads\/2026\/02\/Projet-SNCF-TER-1-1536x864.jpg 1536w, https:\/\/chu-a-art.com\/wp-content\/uploads\/2026\/02\/Projet-SNCF-TER-1-1200x675.jpg 1200w, https:\/\/chu-a-art.com\/wp-content\/uploads\/2026\/02\/Projet-SNCF-TER-1-1860x1046.jpg 1860w, https:\/\/chu-a-art.com\/wp-content\/uploads\/2026\/02\/Projet-SNCF-TER-1-600x338.jpg 600w\" sizes=\"(max-width: 1920px) 100vw, 1920px\" \/>\t\t\t\t\t\t\t\t\t\t\t\t\t\t\t<\/div>\n\t\t\t\t<\/div>\n\t\t\t\t\t<\/div>\n\t\t\t\t<\/div>\n\t\t<div class=\"elementor-element elementor-element-78d56a37 e-flex e-con-boxed e-con e-parent\" data-id=\"78d56a37\" data-element_type=\"container\" data-e-type=\"container\">\n\t\t\t\t\t<div class=\"e-con-inner\">\n\t\t<div class=\"elementor-element elementor-element-5e52402e e-con-full e-flex e-con e-child\" data-id=\"5e52402e\" data-element_type=\"container\" data-e-type=\"container\">\n\t\t\t\t<div class=\"elementor-element elementor-element-40047612 elementor-widget elementor-widget-heading\" data-id=\"40047612\" data-element_type=\"widget\" data-e-type=\"widget\" data-widget_type=\"heading.default\">\n\t\t\t\t<div class=\"elementor-widget-container\">\n\t\t\t\t\t<h2 class=\"elementor-heading-title elementor-size-default\">SNCF TER<\/h2>\t\t\t\t<\/div>\n\t\t\t\t<\/div>\n\t\t\t\t<\/div>\n\t\t<div class=\"elementor-element elementor-element-460de75e e-con-full e-flex e-con e-child\" data-id=\"460de75e\" data-element_type=\"container\" data-e-type=\"container\">\n\t\t\t\t<div class=\"elementor-element elementor-element-7c672f0b elementor-widget elementor-widget-text-editor\" data-id=\"7c672f0b\" data-element_type=\"widget\" data-e-type=\"widget\" data-widget_type=\"text-editor.default\">\n\t\t\t\t<div class=\"elementor-widget-container\">\n\t\t\t\t\t\t\t\t\t<p style=\"text-align: right;\">UX|UI Designer &amp; Strat\u00e9gie<\/p>\t\t\t\t\t\t\t\t<\/div>\n\t\t\t\t<\/div>\n\t\t\t\t<\/div>\n\t\t\t\t\t<\/div>\n\t\t\t\t<\/div>\n\t\t<div class=\"elementor-element elementor-element-1bb58e95 e-flex e-con-boxed e-con e-parent\" data-id=\"1bb58e95\" data-element_type=\"container\" data-e-type=\"container\">\n\t\t\t\t\t<div class=\"e-con-inner\">\n\t\t\t\t<div class=\"elementor-element elementor-element-637a2430 elementor-widget elementor-widget-heading\" data-id=\"637a2430\" data-element_type=\"widget\" data-e-type=\"widget\" data-widget_type=\"heading.default\">\n\t\t\t\t<div class=\"elementor-widget-container\">\n\t\t\t\t\t<h2 class=\"elementor-heading-title elementor-size-default\">La Vision &amp; L'Intention<\/h2>\t\t\t\t<\/div>\n\t\t\t\t<\/div>\n\t\t\t\t\t<\/div>\n\t\t\t\t<\/div>\n\t\t<div class=\"elementor-element elementor-element-5cf640d0 e-flex e-con-boxed e-con e-parent\" data-id=\"5cf640d0\" data-element_type=\"container\" data-e-type=\"container\">\n\t\t\t\t\t<div class=\"e-con-inner\">\n\t\t\t\t<div class=\"elementor-element elementor-element-4ef5a191 elementor-widget__width-initial elementor-widget elementor-widget-text-editor\" data-id=\"4ef5a191\" data-element_type=\"widget\" data-e-type=\"widget\" data-widget_type=\"text-editor.default\">\n\t\t\t\t<div class=\"elementor-widget-container\">\n\t\t\t\t\t\t\t\t\t<p data-path-to-node=\"4\">\u00ab L\u2019enjeu majeur pour SNCF TER consistait \u00e0 simplifier la mobilit\u00e9 r\u00e9gionale en rendant l&rsquo;information voyageur plus accessible et r\u00e9active. Mon approche s&rsquo;est concentr\u00e9e sur la fluidification de l&rsquo;achat de billets et la consultation des horaires, transformant un automate de transport en un v\u00e9ritable compagnon de voyage quotidien, fiable et sans friction. \u00bb<\/p>\t\t\t\t\t\t\t\t<\/div>\n\t\t\t\t<\/div>\n\t\t\t\t\t<\/div>\n\t\t\t\t<\/div>\n\t\t<div class=\"elementor-element elementor-element-76b7c422 e-flex e-con-boxed e-con e-parent\" data-id=\"76b7c422\" data-element_type=\"container\" data-e-type=\"container\">\n\t\t\t\t\t<div class=\"e-con-inner\">\n\t\t\t\t<div class=\"elementor-element elementor-element-6785be82 elementor-widget elementor-widget-heading\" data-id=\"6785be82\" data-element_type=\"widget\" data-e-type=\"widget\" data-widget_type=\"heading.default\">\n\t\t\t\t<div class=\"elementor-widget-container\">\n\t\t\t\t\t<h2 class=\"elementor-heading-title elementor-size-default\">L'Expertise &amp; La M\u00e9thode<\/h2>\t\t\t\t<\/div>\n\t\t\t\t<\/div>\n\t\t\t\t\t<\/div>\n\t\t\t\t<\/div>\n\t\t<div class=\"elementor-element elementor-element-7b38de15 e-flex e-con-boxed e-con e-parent\" data-id=\"7b38de15\" data-element_type=\"container\" data-e-type=\"container\">\n\t\t\t\t\t<div class=\"e-con-inner\">\n\t\t\t\t<div class=\"elementor-element elementor-element-4c9fed15 elementor-widget__width-initial elementor-widget elementor-widget-text-editor\" data-id=\"4c9fed15\" data-element_type=\"widget\" data-e-type=\"widget\" data-widget_type=\"text-editor.default\">\n\t\t\t\t<div class=\"elementor-widget-container\">\n\t\t\t\t\t\t\t\t\t<p data-path-to-node=\"6\">\u00a0\u00bb Cette transformation s\u2019est appuy\u00e9e sur une immersion profonde dans les usages r\u00e9els en gare et l&rsquo;analyse des comportements des voyageurs. \u00c0 travers une phase de recherche strat\u00e9gique et des protocoles de tests rigoureux, j&rsquo;ai identifi\u00e9 les points de friction pour les muer en opportunit\u00e9s d&rsquo;engagement. En pla\u00e7ant l\u2019empathie au c\u0153ur de la conception, nous avons con\u00e7u une architecture d\u2019information capable de r\u00e9pondre aux standards les plus \u00e9lev\u00e9s, garantissant une coh\u00e9rence parfaite entre les besoins d\u2019un public vari\u00e9 et l&rsquo;h\u00e9ritage d&rsquo;excellence de la SNCF. \u00ab\u00a0<\/p>\t\t\t\t\t\t\t\t<\/div>\n\t\t\t\t<\/div>\n\t\t\t\t\t<\/div>\n\t\t\t\t<\/div>\n\t\t<div class=\"elementor-element elementor-element-beb2f4f e-flex e-con-boxed e-con e-parent\" data-id=\"beb2f4f\" data-element_type=\"container\" data-e-type=\"container\">\n\t\t\t\t\t<div class=\"e-con-inner\">\n\t\t<div class=\"elementor-element elementor-element-ce87a6c e-con-full e-flex e-con e-child\" data-id=\"ce87a6c\" data-element_type=\"container\" data-e-type=\"container\">\n\t\t\t\t<div class=\"elementor-element elementor-element-7e2207b3 elementor-align-left elementor-widget elementor-widget-button\" data-id=\"7e2207b3\" data-element_type=\"widget\" data-e-type=\"widget\" data-widget_type=\"button.default\">\n\t\t\t\t<div class=\"elementor-widget-container\">\n\t\t\t\t\t\t\t\t\t<div class=\"elementor-button-wrapper\">\n\t\t\t\t\t<a class=\"elementor-button elementor-button-link elementor-size-sm\" href=\"https:\/\/chu-a-art.com\/index.php\/book-2\/\">\n\t\t\t\t\t\t<span class=\"elementor-button-content-wrapper\">\n\t\t\t\t\t\t\t\t\t<span class=\"elementor-button-text\">Retour<\/span>\n\t\t\t\t\t<\/span>\n\t\t\t\t\t<\/a>\n\t\t\t\t<\/div>\n\t\t\t\t\t\t\t\t<\/div>\n\t\t\t\t<\/div>\n\t\t\t\t<\/div>\n\t\t<div class=\"elementor-element elementor-element-57c891ef e-con-full e-flex e-con e-child\" data-id=\"57c891ef\" data-element_type=\"container\" data-e-type=\"container\">\n\t\t\t\t<div class=\"elementor-element elementor-element-13efa1da elementor-align-right elementor-widget elementor-widget-button\" data-id=\"13efa1da\" data-element_type=\"widget\" data-e-type=\"widget\" data-widget_type=\"button.default\">\n\t\t\t\t<div class=\"elementor-widget-container\">\n\t\t\t\t\t\t\t\t\t<div class=\"elementor-button-wrapper\">\n\t\t\t\t\t<a class=\"elementor-button elementor-button-link elementor-size-sm\" href=\"https:\/\/chu-a-art.com\/index.php\/coordonnees\/\">\n\t\t\t\t\t\t<span class=\"elementor-button-content-wrapper\">\n\t\t\t\t\t\t\t\t\t<span class=\"elementor-button-text\">Planifier maintenant<\/span>\n\t\t\t\t\t<\/span>\n\t\t\t\t\t<\/a>\n\t\t\t\t<\/div>\n\t\t\t\t\t\t\t\t<\/div>\n\t\t\t\t<\/div>\n\t\t\t\t<\/div>\n\t\t\t\t\t<\/div>\n\t\t\t\t<\/div>\n\t\t\t\t<\/div>\n\t\t","protected":false},"excerpt":{"rendered":"<p>SNCF TER UX|UI Designer &amp; Strat\u00e9gie La Vision &amp; L&rsquo;Intention \u00ab L\u2019enjeu majeur pour SNCF TER consistait \u00e0 simplifier la mobilit\u00e9 r\u00e9gionale en rendant l&rsquo;information voyageur plus accessible et r\u00e9active. Mon approche s&rsquo;est concentr\u00e9e sur la fluidification de l&rsquo;achat de billets et la consultation des horaires, transformant un automate de transport en un v\u00e9ritable compagnon [&hellip;]<\/p>\n","protected":false},"author":1,"featured_media":0,"parent":0,"menu_order":0,"comment_status":"closed","ping_status":"closed","template":"","meta":{"footnotes":""},"class_list":["post-1502","page","type-page","status-publish","hentry","missing-thumbnail"],"_links":{"self":[{"href":"https:\/\/chu-a-art.com\/index.php\/wp-json\/wp\/v2\/pages\/1502","targetHints":{"allow":["GET"]}}],"collection":[{"href":"https:\/\/chu-a-art.com\/index.php\/wp-json\/wp\/v2\/pages"}],"about":[{"href":"https:\/\/chu-a-art.com\/index.php\/wp-json\/wp\/v2\/types\/page"}],"author":[{"embeddable":true,"href":"https:\/\/chu-a-art.com\/index.php\/wp-json\/wp\/v2\/users\/1"}],"replies":[{"embeddable":true,"href":"https:\/\/chu-a-art.com\/index.php\/wp-json\/wp\/v2\/comments?post=1502"}],"version-history":[{"count":28,"href":"https:\/\/chu-a-art.com\/index.php\/wp-json\/wp\/v2\/pages\/1502\/revisions"}],"predecessor-version":[{"id":2124,"href":"https:\/\/chu-a-art.com\/index.php\/wp-json\/wp\/v2\/pages\/1502\/revisions\/2124"}],"wp:attachment":[{"href":"https:\/\/chu-a-art.com\/index.php\/wp-json\/wp\/v2\/media?parent=1502"}],"curies":[{"name":"wp","href":"https:\/\/api.w.org\/{rel}","templated":true}]}}