{"id":1103,"date":"2026-02-14T16:40:39","date_gmt":"2026-02-14T15:40:39","guid":{"rendered":"https:\/\/chu-a-art.com\/?page_id=1103"},"modified":"2026-03-27T11:31:41","modified_gmt":"2026-03-27T10:31:41","slug":"projet-allianz-4","status":"publish","type":"page","link":"https:\/\/chu-a-art.com\/index.php\/projet-allianz-4\/","title":{"rendered":"Projet Allianz"},"content":{"rendered":"\t\t<div data-elementor-type=\"wp-page\" data-elementor-id=\"1103\" class=\"elementor elementor-1103\">\n\t\t\t\t<div class=\"elementor-element elementor-element-bf18125 e-flex e-con-boxed e-con e-parent\" data-id=\"bf18125\" data-element_type=\"container\" data-e-type=\"container\">\n\t\t\t\t\t<div class=\"e-con-inner\">\n\t\t\t\t<div class=\"elementor-element elementor-element-534a03e elementor-widget elementor-widget-image\" data-id=\"534a03e\" data-element_type=\"widget\" data-e-type=\"widget\" data-widget_type=\"image.default\">\n\t\t\t\t<div class=\"elementor-widget-container\">\n\t\t\t\t\t\t\t\t\t\t\t\t\t\t\t<img fetchpriority=\"high\" decoding=\"async\" width=\"1920\" height=\"1080\" src=\"https:\/\/chu-a-art.com\/wp-content\/uploads\/2026\/02\/Projet-Allianz-1.jpg\" class=\"attachment-full size-full wp-image-1886\" alt=\"\" srcset=\"https:\/\/chu-a-art.com\/wp-content\/uploads\/2026\/02\/Projet-Allianz-1.jpg 1920w, https:\/\/chu-a-art.com\/wp-content\/uploads\/2026\/02\/Projet-Allianz-1-300x169.jpg 300w, https:\/\/chu-a-art.com\/wp-content\/uploads\/2026\/02\/Projet-Allianz-1-100x56.jpg 100w, https:\/\/chu-a-art.com\/wp-content\/uploads\/2026\/02\/Projet-Allianz-1-768x432.jpg 768w, https:\/\/chu-a-art.com\/wp-content\/uploads\/2026\/02\/Projet-Allianz-1-1536x864.jpg 1536w, https:\/\/chu-a-art.com\/wp-content\/uploads\/2026\/02\/Projet-Allianz-1-1200x675.jpg 1200w, https:\/\/chu-a-art.com\/wp-content\/uploads\/2026\/02\/Projet-Allianz-1-1860x1046.jpg 1860w, https:\/\/chu-a-art.com\/wp-content\/uploads\/2026\/02\/Projet-Allianz-1-600x338.jpg 600w\" sizes=\"(max-width: 1920px) 100vw, 1920px\" \/>\t\t\t\t\t\t\t\t\t\t\t\t\t\t\t<\/div>\n\t\t\t\t<\/div>\n\t\t\t\t\t<\/div>\n\t\t\t\t<\/div>\n\t\t<div class=\"elementor-element elementor-element-8d2ac2c e-flex e-con-boxed e-con e-parent\" data-id=\"8d2ac2c\" data-element_type=\"container\" data-e-type=\"container\">\n\t\t\t\t\t<div class=\"e-con-inner\">\n\t\t<div class=\"elementor-element elementor-element-b5c6a24 e-con-full e-flex e-con e-child\" data-id=\"b5c6a24\" data-element_type=\"container\" data-e-type=\"container\">\n\t\t\t\t<div class=\"elementor-element elementor-element-774bcde elementor-widget elementor-widget-heading\" data-id=\"774bcde\" data-element_type=\"widget\" data-e-type=\"widget\" data-widget_type=\"heading.default\">\n\t\t\t\t<div class=\"elementor-widget-container\">\n\t\t\t\t\t<h2 class=\"elementor-heading-title elementor-size-default\">Application mobile<\/h2>\t\t\t\t<\/div>\n\t\t\t\t<\/div>\n\t\t\t\t<\/div>\n\t\t<div class=\"elementor-element elementor-element-4846147 e-con-full e-flex e-con e-child\" data-id=\"4846147\" data-element_type=\"container\" data-e-type=\"container\">\n\t\t\t\t<div class=\"elementor-element elementor-element-d615c3b elementor-widget elementor-widget-text-editor\" data-id=\"d615c3b\" data-element_type=\"widget\" data-e-type=\"widget\" data-widget_type=\"text-editor.default\">\n\t\t\t\t<div class=\"elementor-widget-container\">\n\t\t\t\t\t\t\t\t\t<p style=\"text-align: right;\">ALLIANZ \u2014 UX|UI Designer &amp; Strat\u00e9gie<\/p>\t\t\t\t\t\t\t\t<\/div>\n\t\t\t\t<\/div>\n\t\t\t\t<\/div>\n\t\t\t\t\t<\/div>\n\t\t\t\t<\/div>\n\t\t<div class=\"elementor-element elementor-element-7ac3e05 e-flex e-con-boxed e-con e-parent\" data-id=\"7ac3e05\" data-element_type=\"container\" data-e-type=\"container\">\n\t\t\t\t\t<div class=\"e-con-inner\">\n\t\t\t\t<div class=\"elementor-element elementor-element-eccdcd1 elementor-widget elementor-widget-heading\" data-id=\"eccdcd1\" data-element_type=\"widget\" data-e-type=\"widget\" data-widget_type=\"heading.default\">\n\t\t\t\t<div class=\"elementor-widget-container\">\n\t\t\t\t\t<h2 class=\"elementor-heading-title elementor-size-default\">La Vision &amp; L'Intention<\/h2>\t\t\t\t<\/div>\n\t\t\t\t<\/div>\n\t\t\t\t\t<\/div>\n\t\t\t\t<\/div>\n\t\t<div class=\"elementor-element elementor-element-6681d49 e-flex e-con-boxed e-con e-parent\" data-id=\"6681d49\" data-element_type=\"container\" data-e-type=\"container\">\n\t\t\t\t\t<div class=\"e-con-inner\">\n\t\t\t\t<div class=\"elementor-element elementor-element-7da5a99 elementor-widget__width-initial elementor-widget elementor-widget-text-editor\" data-id=\"7da5a99\" data-element_type=\"widget\" data-e-type=\"widget\" data-widget_type=\"text-editor.default\">\n\t\t\t\t<div class=\"elementor-widget-container\">\n\t\t\t\t\t\t\t\t\t<p data-path-to-node=\"4\">\u00ab\u00a0L&rsquo;ambition du projet Allianz r\u00e9sidait dans la synth\u00e8se entre la rigueur institutionnelle et une clart\u00e9 d&rsquo;usage absolue. Face \u00e0 la complexit\u00e9 des services assurantiels, mon approche a consist\u00e9 \u00e0 sculpter une exp\u00e9rience utilisateur o\u00f9 chaque interaction devient fluide, transformant des processus denses \u2014 comme la souscription ou la gestion de sinistres \u2014 en un parcours serein, presque instinctif. L&rsquo;enjeu n&rsquo;\u00e9tait pas seulement fonctionnel, mais visait \u00e0 instaurer un climat de confiance imm\u00e9diat \u00e0 travers une interface au design \u00e9pur\u00e9.\u00a0\u00bb<\/p>\t\t\t\t\t\t\t\t<\/div>\n\t\t\t\t<\/div>\n\t\t\t\t\t<\/div>\n\t\t\t\t<\/div>\n\t\t<div class=\"elementor-element elementor-element-67af244 e-flex e-con-boxed e-con e-parent\" data-id=\"67af244\" data-element_type=\"container\" data-e-type=\"container\">\n\t\t\t\t\t<div class=\"e-con-inner\">\n\t\t\t\t<div class=\"elementor-element elementor-element-372aa14 elementor-widget elementor-widget-heading\" data-id=\"372aa14\" data-element_type=\"widget\" data-e-type=\"widget\" data-widget_type=\"heading.default\">\n\t\t\t\t<div class=\"elementor-widget-container\">\n\t\t\t\t\t<h2 class=\"elementor-heading-title elementor-size-default\">L'Expertise &amp; La M\u00e9thode<\/h2>\t\t\t\t<\/div>\n\t\t\t\t<\/div>\n\t\t\t\t\t<\/div>\n\t\t\t\t<\/div>\n\t\t<div class=\"elementor-element elementor-element-4303e9c e-flex e-con-boxed e-con e-parent\" data-id=\"4303e9c\" data-element_type=\"container\" data-e-type=\"container\">\n\t\t\t\t\t<div class=\"e-con-inner\">\n\t\t\t\t<div class=\"elementor-element elementor-element-ae7cb33 elementor-widget__width-initial elementor-widget elementor-widget-text-editor\" data-id=\"ae7cb33\" data-element_type=\"widget\" data-e-type=\"widget\" data-widget_type=\"text-editor.default\">\n\t\t\t\t<div class=\"elementor-widget-container\">\n\t\t\t\t\t\t\t\t\t<p data-path-to-node=\"6\">\u00ab\u00a0Cette transformation s\u2019est appuy\u00e9e sur une immersion profonde dans les usages r\u00e9els. \u00c0 travers une phase de recherche strat\u00e9gique et des protocoles de tests rigoureux, j&rsquo;ai identifi\u00e9 les points de friction pour les muer en opportunit\u00e9s d&rsquo;engagement. En pla\u00e7ant l&#8217;empathie au c\u0153ur de la conception, nous avons con\u00e7u une architecture d\u2019information capable de r\u00e9pondre aux standards les plus \u00e9lev\u00e9s, garantissant une coh\u00e9rence parfaite entre les besoins d&rsquo;un public vari\u00e9 et l&rsquo;h\u00e9ritage d&rsquo;excellence d&rsquo;Allianz.\u00a0\u00bb <span style=\"text-decoration: underline;\">En savoir plus<\/span><\/p>\t\t\t\t\t\t\t\t<\/div>\n\t\t\t\t<\/div>\n\t\t\t\t\t<\/div>\n\t\t\t\t<\/div>\n\t\t<div class=\"elementor-element elementor-element-381e680a e-flex e-con-boxed e-con e-parent\" data-id=\"381e680a\" data-element_type=\"container\" data-e-type=\"container\">\n\t\t\t\t\t<div class=\"e-con-inner\">\n\t\t<div class=\"elementor-element elementor-element-37c49d9d e-con-full e-flex e-con e-child\" data-id=\"37c49d9d\" data-element_type=\"container\" data-e-type=\"container\">\n\t\t\t\t<div class=\"elementor-element elementor-element-777aeba5 elementor-align-left elementor-widget elementor-widget-button\" data-id=\"777aeba5\" data-element_type=\"widget\" data-e-type=\"widget\" data-widget_type=\"button.default\">\n\t\t\t\t<div class=\"elementor-widget-container\">\n\t\t\t\t\t\t\t\t\t<div class=\"elementor-button-wrapper\">\n\t\t\t\t\t<a class=\"elementor-button elementor-button-link elementor-size-sm\" href=\"https:\/\/chu-a-art.com\/index.php\/book-2\/\">\n\t\t\t\t\t\t<span class=\"elementor-button-content-wrapper\">\n\t\t\t\t\t\t\t\t\t<span class=\"elementor-button-text\">Retour<\/span>\n\t\t\t\t\t<\/span>\n\t\t\t\t\t<\/a>\n\t\t\t\t<\/div>\n\t\t\t\t\t\t\t\t<\/div>\n\t\t\t\t<\/div>\n\t\t\t\t<\/div>\n\t\t<div class=\"elementor-element elementor-element-52931349 e-con-full e-flex e-con e-child\" data-id=\"52931349\" data-element_type=\"container\" data-e-type=\"container\">\n\t\t\t\t<div class=\"elementor-element elementor-element-7a9dc177 elementor-align-right elementor-widget elementor-widget-button\" data-id=\"7a9dc177\" data-element_type=\"widget\" data-e-type=\"widget\" data-widget_type=\"button.default\">\n\t\t\t\t<div class=\"elementor-widget-container\">\n\t\t\t\t\t\t\t\t\t<div class=\"elementor-button-wrapper\">\n\t\t\t\t\t<a class=\"elementor-button elementor-button-link elementor-size-sm\" href=\"https:\/\/chu-a-art.com\/index.php\/coordonnees\/\">\n\t\t\t\t\t\t<span class=\"elementor-button-content-wrapper\">\n\t\t\t\t\t\t\t\t\t<span class=\"elementor-button-text\">Planifier maintenant<\/span>\n\t\t\t\t\t<\/span>\n\t\t\t\t\t<\/a>\n\t\t\t\t<\/div>\n\t\t\t\t\t\t\t\t<\/div>\n\t\t\t\t<\/div>\n\t\t\t\t<\/div>\n\t\t\t\t\t<\/div>\n\t\t\t\t<\/div>\n\t\t\t\t<\/div>\n\t\t","protected":false},"excerpt":{"rendered":"<p>Application mobile ALLIANZ \u2014 UX|UI Designer &amp; Strat\u00e9gie La Vision &amp; L&rsquo;Intention \u00ab\u00a0L&rsquo;ambition du projet Allianz r\u00e9sidait dans la synth\u00e8se entre la rigueur institutionnelle et une clart\u00e9 d&rsquo;usage absolue. Face \u00e0 la complexit\u00e9 des services assurantiels, mon approche a consist\u00e9 \u00e0 sculpter une exp\u00e9rience utilisateur o\u00f9 chaque interaction devient fluide, transformant des processus denses \u2014 [&hellip;]<\/p>\n","protected":false},"author":1,"featured_media":0,"parent":0,"menu_order":0,"comment_status":"closed","ping_status":"closed","template":"","meta":{"footnotes":""},"class_list":["post-1103","page","type-page","status-publish","hentry","missing-thumbnail"],"_links":{"self":[{"href":"https:\/\/chu-a-art.com\/index.php\/wp-json\/wp\/v2\/pages\/1103","targetHints":{"allow":["GET"]}}],"collection":[{"href":"https:\/\/chu-a-art.com\/index.php\/wp-json\/wp\/v2\/pages"}],"about":[{"href":"https:\/\/chu-a-art.com\/index.php\/wp-json\/wp\/v2\/types\/page"}],"author":[{"embeddable":true,"href":"https:\/\/chu-a-art.com\/index.php\/wp-json\/wp\/v2\/users\/1"}],"replies":[{"embeddable":true,"href":"https:\/\/chu-a-art.com\/index.php\/wp-json\/wp\/v2\/comments?post=1103"}],"version-history":[{"count":71,"href":"https:\/\/chu-a-art.com\/index.php\/wp-json\/wp\/v2\/pages\/1103\/revisions"}],"predecessor-version":[{"id":2231,"href":"https:\/\/chu-a-art.com\/index.php\/wp-json\/wp\/v2\/pages\/1103\/revisions\/2231"}],"wp:attachment":[{"href":"https:\/\/chu-a-art.com\/index.php\/wp-json\/wp\/v2\/media?parent=1103"}],"curies":[{"name":"wp","href":"https:\/\/api.w.org\/{rel}","templated":true}]}}